{"id":1734,"date":"2016-12-20T17:00:23","date_gmt":"2016-12-20T22:00:23","guid":{"rendered":"http:\/\/www.kemitek.org\/?page_id=1734&#038;lang=en"},"modified":"2025-09-10T14:40:35","modified_gmt":"2025-09-10T18:40:35","slug":"conseil-dadministration","status":"publish","type":"page","link":"https:\/\/www.kemitek.org\/en\/profile\/conseil-dadministration\/","title":{"rendered":"Board of Directors"},"content":{"rendered":"\n<style type=\"text\/css\" data-created_by=\"avia_inline_auto\" id=\"style-css-av-qu39t2-14d5228e3fc62bacec8723cebdd8c6bd\">\n.avia-section.av-qu39t2-14d5228e3fc62bacec8723cebdd8c6bd .av-parallax .av-parallax-inner{\nbackground-repeat:no-repeat;\nbackground-image:url(https:\/\/www.kemitek.org\/wp-content\/uploads\/2016\/02\/web_Usine-Pilote-7-OLEOTEK-Thetford-Mines.jpg);\nbackground-position:50% 50%;\nbackground-attachment:scroll;\n}\n<\/style>\n<div id='paralax-no-print-1'  class='avia-section av-qu39t2-14d5228e3fc62bacec8723cebdd8c6bd main_color avia-section-default avia-no-shadow  avia-builder-el-0  el_before_av_section  avia-builder-el-first  av-parallax-section avia-bg-style-parallax  av-minimum-height av-minimum-height-50  container_wrap sidebar_right'  data-section-bg-repeat='no-repeat' data-av_minimum_height_pc='50'><div class='av-parallax' data-avia-parallax-ratio='0.3' ><div class='av-parallax-inner main_color avia-full-stretch'><\/div><\/div><div class='container av-section-cont-open' ><main  role=\"main\" itemprop=\"mainContentOfPage\"  class='template-page content  av-content-small alpha units'><div class='post-entry post-entry-type-page post-entry-1734'><div class='entry-content-wrapper clearfix'>\n<\/div><\/div><\/main><!-- close content main element --><\/div><\/div><div id='av_section_2'  class='avia-section av-pf0a3q-98e732cc7d8e9d46d9dd67f77d6e979b main_color avia-section-default avia-no-shadow  avia-builder-el-1  el_after_av_section  el_before_av_section  avia-bg-style-scroll  container_wrap sidebar_right'  ><div class='container av-section-cont-open' ><div class='template-page content  av-content-small alpha units'><div class='post-entry post-entry-type-page post-entry-1734'><div class='entry-content-wrapper clearfix'>\n\n<style type=\"text\/css\" data-created_by=\"avia_inline_auto\" id=\"style-css-av-no2c12-f74a1e86c51505b3957319d66d59f481\">\n#top .av-special-heading.av-no2c12-f74a1e86c51505b3957319d66d59f481{\npadding-bottom:20px;\nfont-size:30px;\n}\n<\/style>\n<div  class='av-special-heading av-no2c12-f74a1e86c51505b3957319d66d59f481 av-special-heading-h1 blockquote modern-quote modern-centered  avia-builder-el-2  el_before_av_textblock  avia-builder-el-first  av-inherit-size '><h1 class='av-special-heading-tag '  itemprop=\"headline\"  >Board of Directors<\/h1><div class='special-heading-border'><div class='special-heading-inner-border'><\/div><\/div><\/div>\n<section  class='av_textblock_section av-lsox7q-0acbe7b59142a337fbb9175bcce5b167 '  itemscope=\"itemscope\" itemtype=\"https:\/\/schema.org\/CreativeWork\" ><div class='avia_textblock '  itemprop=\"text\" ><p>Ren\u00e9 Soucy, Chair, ecm<\/p>\n<p>Robert Rousseau, Vice-Chair,\u00a0ecm<br \/>\nDirector General\u00a0&#8211; C\u00e9gep de Thetford<\/p>\n<p>Jean-Fran\u00e7ois No\u00ebl, Secretary-Treasurer, ecm<br \/>\nPartner\u00a0&#8211; Fasken<\/p>\n<p>Chantal Pich\u00e9, Director<br \/>\nResearch Associate &#8211;\u00a0C\u00e9gep de Thetford<\/p>\n<p>Hugo Gouin, Director<br \/>\nVice-president Information Technologies &#8211;\u00a0Cascades<\/p>\n<p>Guy B\u00e9rard, Director<br \/>\nPresident\u00a0 &#8211; Mazarin \/ Soci\u00e9t\u00e9 Asbestos Limit\u00e9e \/ 3R Mineral<\/p>\n<p>Audrey Marois, Director<br \/>\n<span data-olk-copy-source=\"MessageBody\">Director of Human Resources and Global Health &#8211; Industries Fournier<\/span><\/p>\n<p>Lorraine Potvin, Director<\/p>\n<p>David Berthiaume, c.e.<br \/>\nExecutive Director\u00a0&#8211;\u00a0Kemitek inc.<\/p>\n<p><em>ecm: Executive Committee Member<\/em><\/p>\n<\/div><\/section>\n<\/div><\/div><\/div><!-- close content main div --><\/div><\/div>\n<style type=\"text\/css\" data-created_by=\"avia_inline_auto\" id=\"style-css-av-l0e6ty-eda6ee8d3d845c19de48b10d0f7f918d\">\n.avia-section.av-l0e6ty-eda6ee8d3d845c19de48b10d0f7f918d{\nbackground-color:#f2f2f2;\n}\n<\/style>\n<div id='av_section_3'  class='avia-section av-l0e6ty-eda6ee8d3d845c19de48b10d0f7f918d footer_color avia-section-default avia-no-shadow  avia-builder-el-4  el_after_av_section  avia-builder-el-last  avia-bg-style-scroll  container_wrap sidebar_right'  ><div class='container av-section-cont-open' ><div class='template-page content  av-content-small alpha units'><div class='post-entry post-entry-type-page post-entry-1734'><div class='entry-content-wrapper clearfix'>\n\n<style type=\"text\/css\" data-created_by=\"avia_inline_auto\" id=\"style-css-av-ikn3za-6376e288d9c470aa8a7b4b7c900ea6b7\">\n.flex_column.av-ikn3za-6376e288d9c470aa8a7b4b7c900ea6b7{\nborder-radius:0px 0px 0px 0px;\n-webkit-border-radius:0px 0px 0px 0px;\n-moz-border-radius:0px 0px 0px 0px;\n}\n<\/style>\n<div class='flex_column av-ikn3za-6376e288d9c470aa8a7b4b7c900ea6b7 av_one_third  avia-builder-el-5  el_before_av_two_third  avia-builder-el-first  first flex_column_div av-zero-column-padding '   ><p>\n<style type=\"text\/css\" data-created_by=\"avia_inline_auto\" id=\"style-css-av-1pwwja-c6fc14873bf0dc85b2eeb3650f0b57e3\">\n#top .av-special-heading.av-1pwwja-c6fc14873bf0dc85b2eeb3650f0b57e3{\npadding-bottom:10px;\nfont-size:30px;\n}\n<\/style>\n<div  class='av-special-heading av-1pwwja-c6fc14873bf0dc85b2eeb3650f0b57e3 av-special-heading-h3 blockquote modern-quote  avia-builder-el-6  el_before_av_textblock  avia-builder-el-first  av-inherit-size '><h3 class='av-special-heading-tag '  itemprop=\"headline\"  >KEMITEK<\/h3><div class='special-heading-border'><div class='special-heading-inner-border'><\/div><\/div><\/div><br \/>\n\n<style type=\"text\/css\" data-created_by=\"avia_inline_auto\" id=\"style-css-av-lkk234nv-ae324e491da39ecd96ce8fce2def2285\">\n.av_textblock_section.av-lkk234nv-ae324e491da39ecd96ce8fce2def2285 .avia_textblock{\nfont-size:13px;\n}\n<\/style>\n<section  class='av_textblock_section av-lkk234nv-ae324e491da39ecd96ce8fce2def2285 '  itemscope=\"itemscope\" itemtype=\"https:\/\/schema.org\/CreativeWork\" ><div class='avia_textblock '  itemprop=\"text\" ><p>835, rue Mooney<br \/>\nThetford Mines, Qu\u00e9bec, Canada G6G 0A5<\/p>\n<p>Phone\u00a0: (418) 338-1318<br \/>\nFax\u00a0: (418) 338-1338<br \/>\nEmail\u00a0: <a href=\"mailto:info@kemitek.org\">info@kemitek.org <\/a><\/p>\n<p>Monday to Friday: 9h &#8211; 17h<br \/>\nSaturday and Sunday:\u00a0Closed<\/p>\n<\/div><\/section><\/p><\/div>\n<style type=\"text\/css\" data-created_by=\"avia_inline_auto\" id=\"style-css-av-g1cpsm-755778e249a54c49665315b30cf476d9\">\n.flex_column.av-g1cpsm-755778e249a54c49665315b30cf476d9{\nborder-radius:0px 0px 0px 0px;\n-webkit-border-radius:0px 0px 0px 0px;\n-moz-border-radius:0px 0px 0px 0px;\n}\n<\/style>\n<div class='flex_column av-g1cpsm-755778e249a54c49665315b30cf476d9 av_two_third  avia-builder-el-8  el_after_av_one_third  avia-builder-el-last  flex_column_div av-zero-column-padding '   ><p>\n<style type=\"text\/css\" data-created_by=\"avia_inline_auto\" id=\"style-css-av-dfzipi-1654facbdf9c933306f18b9fd277e29a\">\n#top .av-special-heading.av-dfzipi-1654facbdf9c933306f18b9fd277e29a{\npadding-bottom:0px;\nfont-size:30px;\n}\n<\/style>\n<div  class='av-special-heading av-dfzipi-1654facbdf9c933306f18b9fd277e29a av-special-heading-h3 blockquote modern-quote  avia-builder-el-9  el_before_av_image  avia-builder-el-first  av-inherit-size '><h3 class='av-special-heading-tag '  itemprop=\"headline\"  >FINANCIAL PARTNERS<\/h3><div class='special-heading-border'><div class='special-heading-inner-border'><\/div><\/div><\/div><br \/>\n\n<style type=\"text\/css\" data-created_by=\"avia_inline_auto\" id=\"style-css-av-cbg44m-b1a8850207ea6a8a4041865b8a31ef2c\">\n.avia-image-container.av-cbg44m-b1a8850207ea6a8a4041865b8a31ef2c .av-image-caption-overlay-center{\ncolor:#ffffff;\n}\n<\/style>\n<div  class='avia-image-container av-cbg44m-b1a8850207ea6a8a4041865b8a31ef2c av-styling-no-styling avia-align-left  avia-builder-el-10  el_after_av_heading  el_before_av_image  '  itemprop=\"image\" itemscope=\"itemscope\" itemtype=\"https:\/\/schema.org\/ImageObject\" ><div class=\"avia-image-container-inner\"><div class=\"avia-image-overlay-wrap\"><a href=\"http:\/\/www.gouv.qc.ca\/FR\/Pages\/Accueil.aspx\" class='avia_image' target=\"_blank\" rel=\"noopener noreferrer\"><img width=\"179\" height=\"87\" class='wp-image-3681 avia-img-lazy-loading-not-3681 avia_image' src=\"https:\/\/www.kemitek.org\/wp-content\/uploads\/2016\/02\/logo-quebec.png\" alt='' title='logo-quebec'  itemprop=\"thumbnailUrl\"  \/><\/a><\/div><\/div><\/div><br \/>\n\n<style type=\"text\/css\" data-created_by=\"avia_inline_auto\" id=\"style-css-av-bgyaiu-740512c555a729b5b33c322ab2fe2546\">\n.avia-image-container.av-bgyaiu-740512c555a729b5b33c322ab2fe2546 .av-image-caption-overlay-center{\ncolor:#ffffff;\n}\n<\/style>\n<div  class='avia-image-container av-bgyaiu-740512c555a729b5b33c322ab2fe2546 av-styling-no-styling avia-align-left  avia-builder-el-11  el_after_av_image  el_before_av_image  '  itemprop=\"image\" itemscope=\"itemscope\" itemtype=\"https:\/\/schema.org\/ImageObject\" ><div class=\"avia-image-container-inner\"><div class=\"avia-image-overlay-wrap\"><a href=\"http:\/\/www.nserc-crsng.gc.ca\/\" class='avia_image' target=\"_blank\" rel=\"noopener noreferrer\"><img width=\"131\" height=\"87\" class='wp-image-3680 avia-img-lazy-loading-not-3680 avia_image' src=\"https:\/\/www.kemitek.org\/wp-content\/uploads\/2016\/02\/logo-nserc.png\" alt='' title='logo-nserc'  itemprop=\"thumbnailUrl\"  \/><\/a><\/div><\/div><\/div><br \/>\n\n<style type=\"text\/css\" data-created_by=\"avia_inline_auto\" id=\"style-css-av-9ud8li-7f3364780113504c764b14a8915eff67\">\n.avia-image-container.av-9ud8li-7f3364780113504c764b14a8915eff67 .av-image-caption-overlay-center{\ncolor:#ffffff;\n}\n<\/style>\n<div  class='avia-image-container av-9ud8li-7f3364780113504c764b14a8915eff67 av-styling-no-styling avia-align-left  avia-builder-el-12  el_after_av_image  el_before_av_hr  '  itemprop=\"image\" itemscope=\"itemscope\" itemtype=\"https:\/\/schema.org\/ImageObject\" ><div class=\"avia-image-container-inner\"><div class=\"avia-image-overlay-wrap\"><a href=\"http:\/\/dec-ced.gc.ca\/index.html\" class='avia_image' target=\"_blank\" rel=\"noopener noreferrer\"><img width=\"247\" height=\"87\" class='wp-image-3679 avia-img-lazy-loading-not-3679 avia_image' src=\"https:\/\/www.kemitek.org\/wp-content\/uploads\/2016\/02\/logo-developpement-economique-canada.png\" alt='' title='logo-developpement-economique-canada'  itemprop=\"thumbnailUrl\"  \/><\/a><\/div><\/div><\/div><br \/>\n\n<style type=\"text\/css\" data-created_by=\"avia_inline_auto\" id=\"style-css-av-tc2ba-8e49cd51eb4c92aa55b6123cc0bbd278\">\n#top .hr.hr-invisible.av-tc2ba-8e49cd51eb4c92aa55b6123cc0bbd278{\nheight:20px;\n}\n<\/style>\n<div  class='hr av-tc2ba-8e49cd51eb4c92aa55b6123cc0bbd278 hr-invisible  avia-builder-el-13  el_after_av_image  el_before_av_image  '><span class='hr-inner '><span class=\"hr-inner-style\"><\/span><\/span><\/div><br \/>\n\n<style type=\"text\/css\" data-created_by=\"avia_inline_auto\" id=\"style-css-av-61q1jq-4594f9eeadcb70c7221578108c9ea9c3\">\n.avia-image-container.av-61q1jq-4594f9eeadcb70c7221578108c9ea9c3 .av-image-caption-overlay-center{\ncolor:#ffffff;\n}\n<\/style>\n<div  class='avia-image-container av-61q1jq-4594f9eeadcb70c7221578108c9ea9c3 av-styling-no-styling avia-align-left  avia-builder-el-14  el_after_av_hr  el_before_av_image  '  itemprop=\"image\" itemscope=\"itemscope\" itemtype=\"https:\/\/schema.org\/ImageObject\" ><div class=\"avia-image-container-inner\"><div class=\"avia-image-overlay-wrap\"><a href=\"https:\/\/desjardins.com\/\" class='avia_image' target=\"_blank\" rel=\"noopener noreferrer\"><img width=\"149\" height=\"87\" class='wp-image-3678 avia-img-lazy-loading-not-3678 avia_image' src=\"https:\/\/www.kemitek.org\/wp-content\/uploads\/2016\/02\/logo-desjardins.png\" alt='' title='logo-desjardins'  itemprop=\"thumbnailUrl\"  \/><\/a><\/div><\/div><\/div><br \/>\n\n<style type=\"text\/css\" data-created_by=\"avia_inline_auto\" id=\"style-css-av-cq2ja-5863bebbf4145a49dafa88d1cc906ed0\">\n.avia-image-container.av-cq2ja-5863bebbf4145a49dafa88d1cc906ed0 .av-image-caption-overlay-center{\ncolor:#ffffff;\n}\n<\/style>\n<div  class='avia-image-container av-cq2ja-5863bebbf4145a49dafa88d1cc906ed0 av-styling-no-styling avia-align-left  avia-builder-el-15  el_after_av_image  el_before_av_image  '  itemprop=\"image\" itemscope=\"itemscope\" itemtype=\"https:\/\/schema.org\/ImageObject\" ><div class=\"avia-image-container-inner\"><div class=\"avia-image-overlay-wrap\"><a href=\"http:\/\/www.ville.thetfordmines.qc.ca\/\" class='avia_image' target=\"_blank\" rel=\"noopener noreferrer\"><img width=\"145\" height=\"87\" class='wp-image-3683 avia-img-lazy-loading-not-3683 avia_image' src=\"https:\/\/www.kemitek.org\/wp-content\/uploads\/2016\/02\/logo-ville-thetford.png\" alt='' title='logo-ville-thetford'  itemprop=\"thumbnailUrl\"  \/><\/a><\/div><\/div><\/div><br \/>\n\n<style type=\"text\/css\" data-created_by=\"avia_inline_auto\" id=\"style-css-av-20xf86-9c80b69d57b3dd1ae2cdc858c677d9f3\">\n.avia-image-container.av-20xf86-9c80b69d57b3dd1ae2cdc858c677d9f3 .av-image-caption-overlay-center{\ncolor:#ffffff;\n}\n<\/style>\n<div  class='avia-image-container av-20xf86-9c80b69d57b3dd1ae2cdc858c677d9f3 av-styling-no-styling avia-align-left  avia-builder-el-16  el_after_av_image  avia-builder-el-last  '  itemprop=\"image\" itemscope=\"itemscope\" itemtype=\"https:\/\/schema.org\/ImageObject\" ><div class=\"avia-image-container-inner\"><div class=\"avia-image-overlay-wrap\"><a href=\"http:\/\/www.regionthetford.com\/fr\/accueil\/\" class='avia_image' target=\"_blank\" rel=\"noopener noreferrer\"><img width=\"152\" height=\"87\" class='wp-image-3682 avia-img-lazy-loading-not-3682 avia_image' src=\"https:\/\/www.kemitek.org\/wp-content\/uploads\/2016\/02\/logo-region-thetford.png\" alt='' title='logo-region-thetford'  itemprop=\"thumbnailUrl\"  \/><\/a><\/div><\/div><\/div><\/p><\/div>\n<\/div><\/div><\/div><!-- close content main div --><\/div><\/div><div id='after_section_3'  class='main_color av_default_container_wrap container_wrap sidebar_right'  ><div class='container av-section-cont-open' ><div class='template-page content  av-content-small alpha units'><div class='post-entry post-entry-type-page post-entry-1734'><div class='entry-content-wrapper clearfix'><\/p>\n","protected":false},"excerpt":{"rendered":"","protected":false},"author":2,"featured_media":0,"parent":881,"menu_order":0,"comment_status":"closed","ping_status":"closed","template":"","meta":[],"yoast_head":"<!-- This site is optimized with the Yoast SEO plugin v17.7.1 - https:\/\/yoast.com\/wordpress\/plugins\/seo\/ -->\n<title>Conseil d&#039;administration - Kemitek<\/title>\n<meta name=\"description\" content=\"Liste des membres du conseil d&#039;administration d&#039;OLEOTEK.\" \/>\n<meta name=\"robots\" content=\"index, follow, max-snippet:-1, max-image-preview:large, max-video-preview:-1\" \/>\n<link rel=\"canonical\" href=\"https:\/\/www.kemitek.org\/en\/profile\/conseil-dadministration\/\" \/>\n<meta property=\"og:locale\" content=\"en_US\" \/>\n<meta property=\"og:type\" content=\"article\" \/>\n<meta property=\"og:title\" content=\"Conseil d&#039;administration - Kemitek\" \/>\n<meta property=\"og:description\" content=\"Liste des membres du conseil d&#039;administration d&#039;OLEOTEK.\" \/>\n<meta property=\"og:url\" content=\"https:\/\/www.kemitek.org\/en\/profile\/conseil-dadministration\/\" \/>\n<meta property=\"og:site_name\" content=\"Kemitek\" \/>\n<meta property=\"article:publisher\" content=\"https:\/\/www.facebook.com\/kemitek.ca\" \/>\n<meta property=\"article:modified_time\" content=\"2025-09-10T18:40:35+00:00\" \/>\n<meta name=\"twitter:card\" content=\"summary\" \/>\n<meta name=\"twitter:site\" content=\"@Kemitek_CA\" \/>\n<meta name=\"twitter:label1\" content=\"Est. reading time\" \/>\n\t<meta name=\"twitter:data1\" content=\"2 minutes\" \/>\n<script type=\"application\/ld+json\" class=\"yoast-schema-graph\">{\"@context\":\"https:\/\/schema.org\",\"@graph\":[{\"@type\":\"WebSite\",\"@id\":\"https:\/\/www.kemitek.org\/#website\",\"url\":\"https:\/\/www.kemitek.org\/\",\"name\":\"Kemitek\",\"description\":\"Recherche et d\\u00e9veloppement en chimie verte\",\"potentialAction\":[{\"@type\":\"SearchAction\",\"target\":{\"@type\":\"EntryPoint\",\"urlTemplate\":\"https:\/\/www.kemitek.org\/?s={search_term_string}\"},\"query-input\":\"required name=search_term_string\"}],\"inLanguage\":\"en-US\"},{\"@type\":\"WebPage\",\"@id\":\"https:\/\/www.kemitek.org\/en\/profile\/conseil-dadministration\/#webpage\",\"url\":\"https:\/\/www.kemitek.org\/en\/profile\/conseil-dadministration\/\",\"name\":\"Conseil d'administration - Kemitek\",\"isPartOf\":{\"@id\":\"https:\/\/www.kemitek.org\/#website\"},\"datePublished\":\"2016-12-20T22:00:23+00:00\",\"dateModified\":\"2025-09-10T18:40:35+00:00\",\"description\":\"Liste des membres du conseil d'administration d'OLEOTEK.\",\"breadcrumb\":{\"@id\":\"https:\/\/www.kemitek.org\/en\/profile\/conseil-dadministration\/#breadcrumb\"},\"inLanguage\":\"en-US\",\"potentialAction\":[{\"@type\":\"ReadAction\",\"target\":[\"https:\/\/www.kemitek.org\/en\/profile\/conseil-dadministration\/\"]}]},{\"@type\":\"BreadcrumbList\",\"@id\":\"https:\/\/www.kemitek.org\/en\/profile\/conseil-dadministration\/#breadcrumb\",\"itemListElement\":[{\"@type\":\"ListItem\",\"position\":1,\"name\":\"Accueil\",\"item\":\"https:\/\/www.kemitek.org\/en\/\"},{\"@type\":\"ListItem\",\"position\":2,\"name\":\"Profile\",\"item\":\"https:\/\/www.kemitek.org\/en\/profile\/\"},{\"@type\":\"ListItem\",\"position\":3,\"name\":\"Board of Directors\"}]}]}<\/script>\n<!-- \/ Yoast SEO plugin. -->","yoast_head_json":{"title":"Conseil d'administration - Kemitek","description":"Liste des membres du conseil d'administration d'OLEOTEK.","robots":{"index":"index","follow":"follow","max-snippet":"max-snippet:-1","max-image-preview":"max-image-preview:large","max-video-preview":"max-video-preview:-1"},"canonical":"https:\/\/www.kemitek.org\/en\/profile\/conseil-dadministration\/","og_locale":"en_US","og_type":"article","og_title":"Conseil d'administration - Kemitek","og_description":"Liste des membres du conseil d'administration d'OLEOTEK.","og_url":"https:\/\/www.kemitek.org\/en\/profile\/conseil-dadministration\/","og_site_name":"Kemitek","article_publisher":"https:\/\/www.facebook.com\/kemitek.ca","article_modified_time":"2025-09-10T18:40:35+00:00","twitter_card":"summary","twitter_site":"@Kemitek_CA","twitter_misc":{"Est. reading time":"2 minutes"},"schema":{"@context":"https:\/\/schema.org","@graph":[{"@type":"WebSite","@id":"https:\/\/www.kemitek.org\/#website","url":"https:\/\/www.kemitek.org\/","name":"Kemitek","description":"Recherche et d\u00e9veloppement en chimie verte","potentialAction":[{"@type":"SearchAction","target":{"@type":"EntryPoint","urlTemplate":"https:\/\/www.kemitek.org\/?s={search_term_string}"},"query-input":"required name=search_term_string"}],"inLanguage":"en-US"},{"@type":"WebPage","@id":"https:\/\/www.kemitek.org\/en\/profile\/conseil-dadministration\/#webpage","url":"https:\/\/www.kemitek.org\/en\/profile\/conseil-dadministration\/","name":"Conseil d'administration - Kemitek","isPartOf":{"@id":"https:\/\/www.kemitek.org\/#website"},"datePublished":"2016-12-20T22:00:23+00:00","dateModified":"2025-09-10T18:40:35+00:00","description":"Liste des membres du conseil d'administration d'OLEOTEK.","breadcrumb":{"@id":"https:\/\/www.kemitek.org\/en\/profile\/conseil-dadministration\/#breadcrumb"},"inLanguage":"en-US","potentialAction":[{"@type":"ReadAction","target":["https:\/\/www.kemitek.org\/en\/profile\/conseil-dadministration\/"]}]},{"@type":"BreadcrumbList","@id":"https:\/\/www.kemitek.org\/en\/profile\/conseil-dadministration\/#breadcrumb","itemListElement":[{"@type":"ListItem","position":1,"name":"Accueil","item":"https:\/\/www.kemitek.org\/en\/"},{"@type":"ListItem","position":2,"name":"Profile","item":"https:\/\/www.kemitek.org\/en\/profile\/"},{"@type":"ListItem","position":3,"name":"Board of Directors"}]}]}},"_links":{"self":[{"href":"https:\/\/www.kemitek.org\/en\/wp-json\/wp\/v2\/pages\/1734"}],"collection":[{"href":"https:\/\/www.kemitek.org\/en\/wp-json\/wp\/v2\/pages"}],"about":[{"href":"https:\/\/www.kemitek.org\/en\/wp-json\/wp\/v2\/types\/page"}],"author":[{"embeddable":true,"href":"https:\/\/www.kemitek.org\/en\/wp-json\/wp\/v2\/users\/2"}],"replies":[{"embeddable":true,"href":"https:\/\/www.kemitek.org\/en\/wp-json\/wp\/v2\/comments?post=1734"}],"version-history":[{"count":23,"href":"https:\/\/www.kemitek.org\/en\/wp-json\/wp\/v2\/pages\/1734\/revisions"}],"predecessor-version":[{"id":5564,"href":"https:\/\/www.kemitek.org\/en\/wp-json\/wp\/v2\/pages\/1734\/revisions\/5564"}],"up":[{"embeddable":true,"href":"https:\/\/www.kemitek.org\/en\/wp-json\/wp\/v2\/pages\/881"}],"wp:attachment":[{"href":"https:\/\/www.kemitek.org\/en\/wp-json\/wp\/v2\/media?parent=1734"}],"curies":[{"name":"wp","href":"https:\/\/api.w.org\/{rel}","templated":true}]}}